{"id":3250,"date":"2019-11-30T16:54:38","date_gmt":"2019-11-30T16:54:38","guid":{"rendered":"https:\/\/www.tta-international.com\/vacatures\/danke-fuer-die-bewerbung\/"},"modified":"2024-02-29T13:45:18","modified_gmt":"2024-02-29T13:45:18","slug":"danke-fuer-die-bewerbung","status":"publish","type":"page","link":"https:\/\/www.tta-international.com\/vacatures\/de\/danke-fuer-die-bewerbung\/","title":{"rendered":"Danke f\u00fcr die Bewerbung"},"content":{"rendered":"<div class=\"fusion-fullwidth fullwidth-box fusion-builder-row-1 fusion-flex-container nonhundred-percent-fullwidth non-hundred-percent-height-scrolling\" style=\"--awb-border-radius-top-left:0px;--awb-border-radius-top-right:0px;--awb-border-radius-bottom-right:0px;--awb-border-radius-bottom-left:0px;--awb-flex-wrap:wrap;\" ><div class=\"fusion-builder-row fusion-row fusion-flex-align-items-flex-start fusion-flex-content-wrap\" style=\"max-width:1312.5px;margin-left: calc(-5% \/ 2 );margin-right: calc(-5% \/ 2 );\"><div class=\"fusion-layout-column fusion_builder_column fusion-builder-column-0 fusion_builder_column_1_1 1_1 fusion-flex-column\" style=\"--awb-bg-size:cover;--awb-width-large:100%;--awb-margin-top-large:0px;--awb-spacing-right-large:2.375%;--awb-margin-bottom-large:30px;--awb-spacing-left-large:2.375%;--awb-width-medium:100%;--awb-spacing-right-medium:2.375%;--awb-spacing-left-medium:2.375%;--awb-width-small:100%;--awb-spacing-right-small:2.375%;--awb-spacing-left-small:2.375%;\"><div class=\"fusion-column-wrapper fusion-column-has-shadow fusion-flex-justify-content-flex-start fusion-content-layout-column\"><div class=\"fusion-title title fusion-title-1 fusion-sep-none fusion-title-center fusion-title-text fusion-title-size-one\" style=\"--awb-margin-top-small:0px;--awb-margin-right-small:0px;--awb-margin-bottom-small:15px;--awb-margin-left-small:0px;\"><h1 class=\"fusion-title-heading title-heading-center fusion-responsive-typography-calculated\" style=\"margin:0;--fontSize:35;line-height:var(--awb-typography1-line-height);\">Danke!<\/h1><\/div><div class=\"fusion-text fusion-text-1\"><p style=\"text-align: center\">Wir haben Ihre Bewerbung ordnungsgem\u00e4\u00df erhalten und werden uns so bald wie m\u00f6glich mit Ihnen in Verbindung setzen.<\/p>\n<\/div><div style=\"text-align:center;\"><a class=\"fusion-button button-flat fusion-button-default-size button-default fusion-button-default button-1 fusion-button-default-span fusion-button-default-type\" target=\"_self\" href=\"https:\/\/www.tta-international.com\/vacatures\/de\/\"><span class=\"fusion-button-text awb-button__text awb-button__text--default\">Zur\u00fcck zur \u00dcbersicht<\/span><\/a><\/div><\/div><\/div><\/div><\/div>\n","protected":false},"excerpt":{"rendered":"","protected":false},"author":7,"featured_media":0,"parent":0,"menu_order":6,"comment_status":"closed","ping_status":"closed","template":"100-width.php","meta":{"footnotes":""},"class_list":["post-3250","page","type-page","status-publish","hentry"],"yoast_head":"<!-- This site is optimized with the Yoast SEO Premium plugin v27.3 (Yoast SEO v27.4) - https:\/\/yoast.com\/product\/yoast-seo-premium-wordpress\/ -->\n<title>-<\/title>\n<meta name=\"robots\" content=\"index, follow, max-snippet:-1, max-image-preview:large, max-video-preview:-1\" \/>\n<link rel=\"canonical\" href=\"https:\/\/www.tta-international.com\/vacatures\/de\/danke-fuer-die-bewerbung\/\" \/>\n<meta property=\"og:locale\" content=\"de_DE\" \/>\n<meta property=\"og:type\" content=\"article\" \/>\n<meta property=\"og:title\" content=\"Danke f\u00fcr die Bewerbung\" \/>\n<meta property=\"og:url\" content=\"https:\/\/www.tta-international.com\/vacatures\/de\/danke-fuer-die-bewerbung\/\" \/>\n<meta property=\"og:site_name\" content=\"TTA Vacatures\" \/>\n<meta property=\"article:modified_time\" content=\"2024-02-29T13:45:18+00:00\" \/>\n<meta name=\"twitter:card\" content=\"summary_large_image\" \/>\n<meta name=\"twitter:label1\" content=\"Gesch\u00e4tzte Lesezeit\" \/>\n\t<meta name=\"twitter:data1\" content=\"4\u00a0Minuten\" \/>\n<script type=\"application\/ld+json\" class=\"yoast-schema-graph\">{\"@context\":\"https:\\\/\\\/schema.org\",\"@graph\":[{\"@type\":\"WebPage\",\"@id\":\"https:\\\/\\\/www.tta-international.com\\\/vacatures\\\/de\\\/danke-fuer-die-bewerbung\\\/\",\"url\":\"https:\\\/\\\/www.tta-international.com\\\/vacatures\\\/de\\\/danke-fuer-die-bewerbung\\\/\",\"name\":\"-\",\"isPartOf\":{\"@id\":\"https:\\\/\\\/www.tta-international.com\\\/vacatures\\\/de\\\/#website\"},\"datePublished\":\"2019-11-30T16:54:38+00:00\",\"dateModified\":\"2024-02-29T13:45:18+00:00\",\"breadcrumb\":{\"@id\":\"https:\\\/\\\/www.tta-international.com\\\/vacatures\\\/de\\\/danke-fuer-die-bewerbung\\\/#breadcrumb\"},\"inLanguage\":\"de\",\"potentialAction\":[{\"@type\":\"ReadAction\",\"target\":[\"https:\\\/\\\/www.tta-international.com\\\/vacatures\\\/de\\\/danke-fuer-die-bewerbung\\\/\"]}]},{\"@type\":\"BreadcrumbList\",\"@id\":\"https:\\\/\\\/www.tta-international.com\\\/vacatures\\\/de\\\/danke-fuer-die-bewerbung\\\/#breadcrumb\",\"itemListElement\":[{\"@type\":\"ListItem\",\"position\":1,\"name\":\"Home\",\"item\":\"https:\\\/\\\/www.tta-international.com\\\/vacatures\\\/de\\\/\"},{\"@type\":\"ListItem\",\"position\":2,\"name\":\"Danke f\u00fcr die Bewerbung\"}]},{\"@type\":\"WebSite\",\"@id\":\"https:\\\/\\\/www.tta-international.com\\\/vacatures\\\/de\\\/#website\",\"url\":\"https:\\\/\\\/www.tta-international.com\\\/vacatures\\\/de\\\/\",\"name\":\"TTA International\",\"description\":\"Werken bij\",\"alternateName\":\"TTA\",\"potentialAction\":[{\"@type\":\"SearchAction\",\"target\":{\"@type\":\"EntryPoint\",\"urlTemplate\":\"https:\\\/\\\/www.tta-international.com\\\/vacatures\\\/de\\\/?s={search_term_string}\"},\"query-input\":{\"@type\":\"PropertyValueSpecification\",\"valueRequired\":true,\"valueName\":\"search_term_string\"}}],\"inLanguage\":\"de\"}]}<\/script>\n<!-- \/ Yoast SEO Premium plugin. -->","yoast_head_json":{"title":"-","robots":{"index":"index","follow":"follow","max-snippet":"max-snippet:-1","max-image-preview":"max-image-preview:large","max-video-preview":"max-video-preview:-1"},"canonical":"https:\/\/www.tta-international.com\/vacatures\/de\/danke-fuer-die-bewerbung\/","og_locale":"de_DE","og_type":"article","og_title":"Danke f\u00fcr die Bewerbung","og_url":"https:\/\/www.tta-international.com\/vacatures\/de\/danke-fuer-die-bewerbung\/","og_site_name":"TTA Vacatures","article_modified_time":"2024-02-29T13:45:18+00:00","twitter_card":"summary_large_image","twitter_misc":{"Gesch\u00e4tzte Lesezeit":"4\u00a0Minuten"},"schema":{"@context":"https:\/\/schema.org","@graph":[{"@type":"WebPage","@id":"https:\/\/www.tta-international.com\/vacatures\/de\/danke-fuer-die-bewerbung\/","url":"https:\/\/www.tta-international.com\/vacatures\/de\/danke-fuer-die-bewerbung\/","name":"-","isPartOf":{"@id":"https:\/\/www.tta-international.com\/vacatures\/de\/#website"},"datePublished":"2019-11-30T16:54:38+00:00","dateModified":"2024-02-29T13:45:18+00:00","breadcrumb":{"@id":"https:\/\/www.tta-international.com\/vacatures\/de\/danke-fuer-die-bewerbung\/#breadcrumb"},"inLanguage":"de","potentialAction":[{"@type":"ReadAction","target":["https:\/\/www.tta-international.com\/vacatures\/de\/danke-fuer-die-bewerbung\/"]}]},{"@type":"BreadcrumbList","@id":"https:\/\/www.tta-international.com\/vacatures\/de\/danke-fuer-die-bewerbung\/#breadcrumb","itemListElement":[{"@type":"ListItem","position":1,"name":"Home","item":"https:\/\/www.tta-international.com\/vacatures\/de\/"},{"@type":"ListItem","position":2,"name":"Danke f\u00fcr die Bewerbung"}]},{"@type":"WebSite","@id":"https:\/\/www.tta-international.com\/vacatures\/de\/#website","url":"https:\/\/www.tta-international.com\/vacatures\/de\/","name":"TTA International","description":"Werken bij","alternateName":"TTA","potentialAction":[{"@type":"SearchAction","target":{"@type":"EntryPoint","urlTemplate":"https:\/\/www.tta-international.com\/vacatures\/de\/?s={search_term_string}"},"query-input":{"@type":"PropertyValueSpecification","valueRequired":true,"valueName":"search_term_string"}}],"inLanguage":"de"}]}},"_links":{"self":[{"href":"https:\/\/www.tta-international.com\/vacatures\/de\/wp-json\/wp\/v2\/pages\/3250","targetHints":{"allow":["GET"]}}],"collection":[{"href":"https:\/\/www.tta-international.com\/vacatures\/de\/wp-json\/wp\/v2\/pages"}],"about":[{"href":"https:\/\/www.tta-international.com\/vacatures\/de\/wp-json\/wp\/v2\/types\/page"}],"author":[{"embeddable":true,"href":"https:\/\/www.tta-international.com\/vacatures\/de\/wp-json\/wp\/v2\/users\/7"}],"replies":[{"embeddable":true,"href":"https:\/\/www.tta-international.com\/vacatures\/de\/wp-json\/wp\/v2\/comments?post=3250"}],"version-history":[{"count":3,"href":"https:\/\/www.tta-international.com\/vacatures\/de\/wp-json\/wp\/v2\/pages\/3250\/revisions"}],"predecessor-version":[{"id":3259,"href":"https:\/\/www.tta-international.com\/vacatures\/de\/wp-json\/wp\/v2\/pages\/3250\/revisions\/3259"}],"wp:attachment":[{"href":"https:\/\/www.tta-international.com\/vacatures\/de\/wp-json\/wp\/v2\/media?parent=3250"}],"curies":[{"name":"wp","href":"https:\/\/api.w.org\/{rel}","templated":true}]}}